{"id":306,"date":"2023-08-26T22:07:12","date_gmt":"2023-08-26T20:07:12","guid":{"rendered":"https:\/\/pitec-gmbh.com\/?page_id=306"},"modified":"2025-12-16T09:27:03","modified_gmt":"2025-12-16T08:27:03","slug":"produkte","status":"publish","type":"page","link":"https:\/\/pitec.de\/en\/produkte\/","title":{"rendered":"Products"},"content":{"rendered":"<div data-elementor-type=\"wp-page\" data-elementor-id=\"306\" class=\"elementor elementor-306\" data-elementor-settings=\"[]\">\n\t\t\t\t\t\t\t<div class=\"elementor-section-wrap\">\n\t\t\t\t\t\t\t<section data-particle_enable=\"false\" data-particle-mobile-disabled=\"false\" class=\"elementor-section elementor-top-section elementor-element elementor-element-3f0abcc elementor-section-boxed elementor-section-height-default elementor-section-height-default\" data-id=\"3f0abcc\" data-element_type=\"section\">\n\t\t\t\t\t\t<div class=\"elementor-container elementor-column-gap-default\">\n\t\t\t\t\t<div class=\"elementor-column elementor-col-100 elementor-top-column elementor-element elementor-element-c5be168\" data-id=\"c5be168\" data-element_type=\"column\">\n\t\t\t<div class=\"elementor-widget-wrap elementor-element-populated\">\n\t\t\t\t\t\t\t\t<div class=\"elementor-element elementor-element-67a6b8a elementor-widget elementor-widget-heading\" data-id=\"67a6b8a\" data-element_type=\"widget\" data-widget_type=\"heading.default\">\n\t\t\t\t<div class=\"elementor-widget-container\">\n\t\t\t<style>\/*! elementor - v3.5.6 - 28-02-2022 *\/\n.elementor-heading-title{padding:0;margin:0;line-height:1}.elementor-widget-heading .elementor-heading-title[class*=elementor-size-]>a{color:inherit;font-size:inherit;line-height:inherit}.elementor-widget-heading .elementor-heading-title.elementor-size-small{font-size:15px}.elementor-widget-heading .elementor-heading-title.elementor-size-medium{font-size:19px}.elementor-widget-heading .elementor-heading-title.elementor-size-large{font-size:29px}.elementor-widget-heading .elementor-heading-title.elementor-size-xl{font-size:39px}.elementor-widget-heading .elementor-heading-title.elementor-size-xxl{font-size:59px}<\/style><h1 class=\"elementor-heading-title elementor-size-default\">Products<\/h1>\t\t<\/div>\n\t\t\t\t<\/div>\n\t\t\t\t<section data-particle_enable=\"false\" data-particle-mobile-disabled=\"false\" class=\"elementor-section elementor-inner-section elementor-element elementor-element-1fc7a83 elementor-section-boxed elementor-section-height-default elementor-section-height-default\" data-id=\"1fc7a83\" data-element_type=\"section\">\n\t\t\t\t\t\t<div class=\"elementor-container elementor-column-gap-default\">\n\t\t\t\t\t<div class=\"elementor-column elementor-col-50 elementor-inner-column elementor-element elementor-element-705eb08\" data-id=\"705eb08\" data-element_type=\"column\">\n\t\t\t<div class=\"elementor-widget-wrap elementor-element-populated\">\n\t\t\t\t\t\t\t\t<div class=\"elementor-element elementor-element-6fe029a elementor-position-top elementor-vertical-align-top elementor-widget elementor-widget-image-box\" data-id=\"6fe029a\" data-element_type=\"widget\" data-widget_type=\"image-box.default\">\n\t\t\t\t<div class=\"elementor-widget-container\">\n\t\t\t<style>.elementor-widget-image-box .elementor-image-box-content{width:100%}@media (min-width:768px){.elementor-widget-image-box.elementor-position-left .elementor-image-box-wrapper,.elementor-widget-image-box.elementor-position-right .elementor-image-box-wrapper{display:-webkit-box;display:-ms-flexbox;display:flex}.elementor-widget-image-box.elementor-position-right .elementor-image-box-wrapper{text-align:right;-webkit-box-orient:horizontal;-webkit-box-direction:reverse;-ms-flex-direction:row-reverse;flex-direction:row-reverse}.elementor-widget-image-box.elementor-position-left .elementor-image-box-wrapper{text-align:left;-webkit-box-orient:horizontal;-webkit-box-direction:normal;-ms-flex-direction:row;flex-direction:row}.elementor-widget-image-box.elementor-position-top .elementor-image-box-img{margin:auto}.elementor-widget-image-box.elementor-vertical-align-top .elementor-image-box-wrapper{-webkit-box-align:start;-ms-flex-align:start;align-items:flex-start}.elementor-widget-image-box.elementor-vertical-align-middle .elementor-image-box-wrapper{-webkit-box-align:center;-ms-flex-align:center;align-items:center}.elementor-widget-image-box.elementor-vertical-align-bottom .elementor-image-box-wrapper{-webkit-box-align:end;-ms-flex-align:end;align-items:flex-end}}@media (max-width:767px){.elementor-widget-image-box .elementor-image-box-img{margin-left:auto!important;margin-right:auto!important;margin-bottom:15px}}.elementor-widget-image-box .elementor-image-box-img{display:inline-block}.elementor-widget-image-box .elementor-image-box-title a{color:inherit}.elementor-widget-image-box .elementor-image-box-wrapper{text-align:center}.elementor-widget-image-box .elementor-image-box-description{margin:0}<\/style><div class=\"elementor-image-box-wrapper\"><figure class=\"elementor-image-box-img\"><a href=\"https:\/\/pitec.de\/en\/produkte\/pit-system-weld-line-10-im-koffer\/\"><img decoding=\"async\" src=\"https:\/\/pitec.de\/wp-content\/uploads\/elementor\/thumbs\/Produktbild_System_SPS_ohneKoffer-qbhxy82g04xuff2l2mf1v8sf5j2666vi5dfmh24gok.png\" title=\"Produktbild_System_SPS_ohneKoffer\" alt=\"Produktbild_System_SPS_ohneKoffer\" \/><\/a><\/figure><div class=\"elementor-image-box-content\"><h3 class=\"elementor-image-box-title\"><a href=\"https:\/\/pitec.de\/en\/produkte\/pit-system-weld-line-10-im-koffer\/\">PIT System \"Weld Line 10\" - In the case<\/a><\/h3><\/div><\/div>\t\t<\/div>\n\t\t\t\t<\/div>\n\t\t\t\t\t<\/div>\n\t\t<\/div>\n\t\t\t\t<div class=\"elementor-column elementor-col-50 elementor-inner-column elementor-element elementor-element-4cfdf72\" data-id=\"4cfdf72\" data-element_type=\"column\">\n\t\t\t<div class=\"elementor-widget-wrap elementor-element-populated\">\n\t\t\t\t\t\t\t\t<div class=\"elementor-element elementor-element-fa75bb3 elementor-position-top elementor-vertical-align-top elementor-widget elementor-widget-image-box\" data-id=\"fa75bb3\" data-element_type=\"widget\" data-widget_type=\"image-box.default\">\n\t\t\t\t<div class=\"elementor-widget-container\">\n\t\t\t<div class=\"elementor-image-box-wrapper\"><figure class=\"elementor-image-box-img\"><a href=\"https:\/\/pitec.de\/en\/produkte\/pit-zubehoer-und-ersatzteile\/\"><img decoding=\"async\" src=\"https:\/\/pitec.de\/wp-content\/uploads\/elementor\/thumbs\/Produktbild_Zubehoer-qe1kf0ggmtlqjzn2wplb4eru0140szgddiaqou1it0.jpg\" title=\"Produktbild_Zubehoer\" alt=\"Produktbild_Zubehoer\" \/><\/a><\/figure><div class=\"elementor-image-box-content\"><h3 class=\"elementor-image-box-title\"><a href=\"https:\/\/pitec.de\/en\/produkte\/pit-zubehoer-und-ersatzteile\/\"> PIT Accessories and spares<\/a><\/h3><\/div><\/div>\t\t<\/div>\n\t\t\t\t<\/div>\n\t\t\t\t<div class=\"elementor-element elementor-element-e9c4ad4 elementor-align-center elementor-widget elementor-widget-button\" data-id=\"e9c4ad4\" data-element_type=\"widget\" data-widget_type=\"button.default\">\n\t\t\t\t<div class=\"elementor-widget-container\">\n\t\t\t\t\t<div class=\"elementor-button-wrapper\">\n\t\t\t<a href=\"https:\/\/pitec.de\/wp-content\/uploads\/2025\/02\/PITEC-Pricelist-08-2024-EN.pdf\" target=\"_blank\" class=\"elementor-button-link elementor-button elementor-size-sm\" role=\"button\">\n\t\t\t\t\t\t<span class=\"elementor-button-content-wrapper\">\n\t\t\t\t\t\t<span class=\"elementor-button-text\">show pricelist<\/span>\n\t\t<\/span>\n\t\t\t\t\t<\/a>\n\t\t<\/div>\n\t\t\t\t<\/div>\n\t\t\t\t<\/div>\n\t\t\t\t\t<\/div>\n\t\t<\/div>\n\t\t\t\t\t\t\t<\/div>\n\t\t<\/section>\n\t\t\t\t<section data-particle_enable=\"false\" data-particle-mobile-disabled=\"false\" class=\"elementor-section elementor-inner-section elementor-element elementor-element-5cf68a2 elementor-section-boxed elementor-section-height-default elementor-section-height-default\" data-id=\"5cf68a2\" data-element_type=\"section\">\n\t\t\t\t\t\t<div class=\"elementor-container elementor-column-gap-default\">\n\t\t\t\t\t<div class=\"elementor-column elementor-col-50 elementor-inner-column elementor-element elementor-element-474f470\" data-id=\"474f470\" data-element_type=\"column\">\n\t\t\t<div class=\"elementor-widget-wrap elementor-element-populated\">\n\t\t\t\t\t\t\t\t<div class=\"elementor-element elementor-element-c5b93af elementor-position-top elementor-vertical-align-top elementor-widget elementor-widget-image-box\" data-id=\"c5b93af\" data-element_type=\"widget\" data-widget_type=\"image-box.default\">\n\t\t\t\t<div class=\"elementor-widget-container\">\n\t\t\t<div class=\"elementor-image-box-wrapper\"><figure class=\"elementor-image-box-img\"><a href=\"https:\/\/pitec.de\/en\/produkte\/pit-system-weld-line-10-unterwassergeraet\/\"><img decoding=\"async\" src=\"https:\/\/pitec.de\/wp-content\/uploads\/elementor\/thumbs\/pit-unterwasser-qe1jtt7ihckwomfqpjo8vrdjn5lz6rabskkh05h75g.jpeg\" title=\"pit unterwasser\" alt=\"pit unterwasser\" \/><\/a><\/figure><div class=\"elementor-image-box-content\"><h3 class=\"elementor-image-box-title\"><a href=\"https:\/\/pitec.de\/en\/produkte\/pit-system-weld-line-10-unterwassergeraet\/\">PIT System \"Weld Line 10\" - Underwater device <\/a><\/h3><\/div><\/div>\t\t<\/div>\n\t\t\t\t<\/div>\n\t\t\t\t\t<\/div>\n\t\t<\/div>\n\t\t\t\t<div class=\"elementor-column elementor-col-50 elementor-inner-column elementor-element elementor-element-39e1074\" data-id=\"39e1074\" data-element_type=\"column\">\n\t\t\t<div class=\"elementor-widget-wrap elementor-element-populated\">\n\t\t\t\t\t\t\t\t<div class=\"elementor-element elementor-element-db53a01 elementor-aspect-ratio-169 elementor-widget elementor-widget-video\" data-id=\"db53a01\" data-element_type=\"widget\" data-settings=\"{&quot;video_type&quot;:&quot;hosted&quot;,&quot;controls&quot;:&quot;yes&quot;,&quot;aspect_ratio&quot;:&quot;169&quot;}\" data-widget_type=\"video.default\">\n\t\t\t\t<div class=\"elementor-widget-container\">\n\t\t\t<style>\/*! elementor - v3.5.6 - 28-02-2022 *\/\n.elementor-widget-video .elementor-widget-container{overflow:hidden;-webkit-transform:translateZ(0);transform:translateZ(0)}.elementor-widget-video .elementor-open-inline .elementor-custom-embed-image-overlay{position:absolute;top:0;left:0;width:100%;height:100%;-webkit-background-size:cover;background-size:cover;background-position:50%}.elementor-widget-video .elementor-custom-embed-image-overlay{cursor:pointer;text-align:center}.elementor-widget-video .elementor-custom-embed-image-overlay:hover .elementor-custom-embed-play i{opacity:1}.elementor-widget-video .elementor-custom-embed-image-overlay img{display:block;width:100%}.elementor-widget-video .e-hosted-video .elementor-video{-o-object-fit:cover;object-fit:cover}<\/style>\t\t<div class=\"e-hosted-video elementor-wrapper elementor-fit-aspect-ratio elementor-open-inline\">\n\t\t\t\t\t<video class=\"elementor-video\" src=\"https:\/\/pitec.de\/wp-content\/uploads\/2025\/12\/Pitec_Video1.mp4\" controls=\"\" controlslist=\"nodownload\" poster=\"https:\/\/pitec.de\/wp-content\/uploads\/2025\/12\/Thumbnail-PIT-am-Roboter.png\"><\/video>\n\t\t\t\t<\/div>\n\t\t\t\t<\/div>\n\t\t\t\t<\/div>\n\t\t\t\t\t<\/div>\n\t\t<\/div>\n\t\t\t\t\t\t\t<\/div>\n\t\t<\/section>\n\t\t\t\t\t<\/div>\n\t\t<\/div>\n\t\t\t\t\t\t\t<\/div>\n\t\t<\/section>\n\t\t\t\t\t\t<\/div>\n\t\t\t\t\t<\/div>","protected":false},"excerpt":{"rendered":"<p>Produkte PIT System &#8222;Weld Line 10&#8220; &#8211; Im Koffer PIT Zubeh\u00f6r und Ersatzteile Preisliste f\u00fcr Zubeh\u00f6r anzeigen PIT System &#8222;Weld Line 10&#8220; &#8211; Unterwasserger\u00e4t https:\/\/pitec.de\/wp-content\/uploads\/2025\/12\/Pitec_Video1.mp4<\/p>","protected":false},"author":2,"featured_media":0,"parent":0,"menu_order":0,"comment_status":"closed","ping_status":"closed","template":"elementor_header_footer","meta":{"footnotes":""},"class_list":["post-306","page","type-page","status-publish","hentry"],"yoast_head":"<!-- This site is optimized with the Yoast SEO plugin v18.6 - https:\/\/yoast.com\/wordpress\/plugins\/seo\/ -->\n<title>Produkte - PITEC<\/title>\n<meta name=\"robots\" content=\"index, follow, max-snippet:-1, max-image-preview:large, max-video-preview:-1\" \/>\n<link rel=\"canonical\" href=\"https:\/\/pitec.de\/en\/produkte\/\" \/>\n<meta property=\"og:locale\" content=\"en_GB\" \/>\n<meta property=\"og:type\" content=\"article\" \/>\n<meta property=\"og:title\" content=\"Produkte - PITEC\" \/>\n<meta property=\"og:description\" content=\"Produkte PIT System &#8222;Weld Line 10&#8220; &#8211; Im Koffer PIT Zubeh\u00f6r und Ersatzteile Preisliste f\u00fcr Zubeh\u00f6r anzeigen PIT System &#8222;Weld Line 10&#8220; &#8211; Unterwasserger\u00e4t https:\/\/pitec.de\/wp-content\/uploads\/2025\/12\/Pitec_Video1.mp4\" \/>\n<meta property=\"og:url\" content=\"https:\/\/pitec.de\/en\/produkte\/\" \/>\n<meta property=\"og:site_name\" content=\"PITEC\" \/>\n<meta property=\"article:modified_time\" content=\"2025-12-16T08:27:03+00:00\" \/>\n<meta property=\"og:image\" content=\"https:\/\/pitec.de\/wp-content\/uploads\/elementor\/thumbs\/Produktbild_System_SPS_ohneKoffer-qbhxy82g04xuff2l2mf1v8sf5j2666vi5dfmh24gok.png\" \/>\n<meta name=\"twitter:card\" content=\"summary_large_image\" \/>\n<meta name=\"twitter:label1\" content=\"Estimated reading time\" \/>\n\t<meta name=\"twitter:data1\" content=\"1 minute\" \/>\n<script type=\"application\/ld+json\" class=\"yoast-schema-graph\">{\"@context\":\"https:\/\/schema.org\",\"@graph\":[{\"@type\":\"WebSite\",\"@id\":\"https:\/\/pitec.de\/#website\",\"url\":\"https:\/\/pitec.de\/\",\"name\":\"PITEC\",\"description\":\"Der Wettbewerbsvorteil f\u00fcr Produktion &amp; Service!\",\"potentialAction\":[{\"@type\":\"SearchAction\",\"target\":{\"@type\":\"EntryPoint\",\"urlTemplate\":\"https:\/\/pitec.de\/?s={search_term_string}\"},\"query-input\":\"required name=search_term_string\"}],\"inLanguage\":\"en-GB\"},{\"@type\":\"ImageObject\",\"@id\":\"https:\/\/pitec.de\/produkte\/#primaryimage\",\"inLanguage\":\"en-GB\",\"url\":\"https:\/\/pitec.de\/wp-content\/uploads\/elementor\/thumbs\/Produktbild_System_SPS_ohneKoffer-qbhxy82g04xuff2l2mf1v8sf5j2666vi5dfmh24gok.png\",\"contentUrl\":\"https:\/\/pitec.de\/wp-content\/uploads\/elementor\/thumbs\/Produktbild_System_SPS_ohneKoffer-qbhxy82g04xuff2l2mf1v8sf5j2666vi5dfmh24gok.png\"},{\"@type\":\"WebPage\",\"@id\":\"https:\/\/pitec.de\/produkte\/#webpage\",\"url\":\"https:\/\/pitec.de\/produkte\/\",\"name\":\"Produkte - PITEC\",\"isPartOf\":{\"@id\":\"https:\/\/pitec.de\/#website\"},\"primaryImageOfPage\":{\"@id\":\"https:\/\/pitec.de\/produkte\/#primaryimage\"},\"datePublished\":\"2023-08-26T20:07:12+00:00\",\"dateModified\":\"2025-12-16T08:27:03+00:00\",\"breadcrumb\":{\"@id\":\"https:\/\/pitec.de\/produkte\/#breadcrumb\"},\"inLanguage\":\"en-GB\",\"potentialAction\":[{\"@type\":\"ReadAction\",\"target\":[\"https:\/\/pitec.de\/produkte\/\"]}]},{\"@type\":\"BreadcrumbList\",\"@id\":\"https:\/\/pitec.de\/produkte\/#breadcrumb\",\"itemListElement\":[{\"@type\":\"ListItem\",\"position\":1,\"name\":\"Startseite\",\"item\":\"https:\/\/pitec.de\/\"},{\"@type\":\"ListItem\",\"position\":2,\"name\":\"Produkte\"}]}]}<\/script>\n<!-- \/ Yoast SEO plugin. -->","yoast_head_json":{"title":"Produkte - PITEC","robots":{"index":"index","follow":"follow","max-snippet":"max-snippet:-1","max-image-preview":"max-image-preview:large","max-video-preview":"max-video-preview:-1"},"canonical":"https:\/\/pitec.de\/en\/produkte\/","og_locale":"en_GB","og_type":"article","og_title":"Produkte - PITEC","og_description":"Produkte PIT System &#8222;Weld Line 10&#8220; &#8211; Im Koffer PIT Zubeh\u00f6r und Ersatzteile Preisliste f\u00fcr Zubeh\u00f6r anzeigen PIT System &#8222;Weld Line 10&#8220; &#8211; Unterwasserger\u00e4t https:\/\/pitec.de\/wp-content\/uploads\/2025\/12\/Pitec_Video1.mp4","og_url":"https:\/\/pitec.de\/en\/produkte\/","og_site_name":"PITEC","article_modified_time":"2025-12-16T08:27:03+00:00","og_image":[{"url":"https:\/\/pitec.de\/wp-content\/uploads\/elementor\/thumbs\/Produktbild_System_SPS_ohneKoffer-qbhxy82g04xuff2l2mf1v8sf5j2666vi5dfmh24gok.png"}],"twitter_card":"summary_large_image","twitter_misc":{"Estimated reading time":"1 minute"},"schema":{"@context":"https:\/\/schema.org","@graph":[{"@type":"WebSite","@id":"https:\/\/pitec.de\/#website","url":"https:\/\/pitec.de\/","name":"PITEC","description":"Der Wettbewerbsvorteil f\u00fcr Produktion &amp; Service!","potentialAction":[{"@type":"SearchAction","target":{"@type":"EntryPoint","urlTemplate":"https:\/\/pitec.de\/?s={search_term_string}"},"query-input":"required name=search_term_string"}],"inLanguage":"en-GB"},{"@type":"ImageObject","@id":"https:\/\/pitec.de\/produkte\/#primaryimage","inLanguage":"en-GB","url":"https:\/\/pitec.de\/wp-content\/uploads\/elementor\/thumbs\/Produktbild_System_SPS_ohneKoffer-qbhxy82g04xuff2l2mf1v8sf5j2666vi5dfmh24gok.png","contentUrl":"https:\/\/pitec.de\/wp-content\/uploads\/elementor\/thumbs\/Produktbild_System_SPS_ohneKoffer-qbhxy82g04xuff2l2mf1v8sf5j2666vi5dfmh24gok.png"},{"@type":"WebPage","@id":"https:\/\/pitec.de\/produkte\/#webpage","url":"https:\/\/pitec.de\/produkte\/","name":"Produkte - PITEC","isPartOf":{"@id":"https:\/\/pitec.de\/#website"},"primaryImageOfPage":{"@id":"https:\/\/pitec.de\/produkte\/#primaryimage"},"datePublished":"2023-08-26T20:07:12+00:00","dateModified":"2025-12-16T08:27:03+00:00","breadcrumb":{"@id":"https:\/\/pitec.de\/produkte\/#breadcrumb"},"inLanguage":"en-GB","potentialAction":[{"@type":"ReadAction","target":["https:\/\/pitec.de\/produkte\/"]}]},{"@type":"BreadcrumbList","@id":"https:\/\/pitec.de\/produkte\/#breadcrumb","itemListElement":[{"@type":"ListItem","position":1,"name":"Startseite","item":"https:\/\/pitec.de\/"},{"@type":"ListItem","position":2,"name":"Produkte"}]}]}},"_links":{"self":[{"href":"https:\/\/pitec.de\/en\/wp-json\/wp\/v2\/pages\/306","targetHints":{"allow":["GET"]}}],"collection":[{"href":"https:\/\/pitec.de\/en\/wp-json\/wp\/v2\/pages"}],"about":[{"href":"https:\/\/pitec.de\/en\/wp-json\/wp\/v2\/types\/page"}],"author":[{"embeddable":true,"href":"https:\/\/pitec.de\/en\/wp-json\/wp\/v2\/users\/2"}],"replies":[{"embeddable":true,"href":"https:\/\/pitec.de\/en\/wp-json\/wp\/v2\/comments?post=306"}],"version-history":[{"count":49,"href":"https:\/\/pitec.de\/en\/wp-json\/wp\/v2\/pages\/306\/revisions"}],"predecessor-version":[{"id":1773,"href":"https:\/\/pitec.de\/en\/wp-json\/wp\/v2\/pages\/306\/revisions\/1773"}],"wp:attachment":[{"href":"https:\/\/pitec.de\/en\/wp-json\/wp\/v2\/media?parent=306"}],"curies":[{"name":"wp","href":"https:\/\/api.w.org\/{rel}","templated":true}]}}